{"id":81,"date":"2015-12-11T11:19:15","date_gmt":"2015-12-11T17:19:15","guid":{"rendered":"http:\/\/www.enprocesode.com\/GENERPRO\/?page_id=81"},"modified":"2020-06-20T00:09:43","modified_gmt":"2020-06-20T05:09:43","slug":"estudios-de-calidad-de-la-energia-y-solucion-de-problemas","status":"publish","type":"page","link":"https:\/\/www.generpro.com.mx\/?page_id=81","title":{"rendered":"Servicio de Ingenier\u00eda Industrial"},"content":{"rendered":"<p style=\"text-align: justify;\"><span style=\"color: #000000;\">Nos ocupamos de la optimizaci\u00f3n de uso de recursos humanos, t\u00e9cnicos, informativos as\u00ed como el manejo y gesti\u00f3n \u00f3ptimos de los sistemas de transformaci\u00f3n de bienes y servicios, evaluaci\u00f3n de sistemas integrados aplicados en campos de personal, riqueza, conocimientos, informaci\u00f3n, equipamiento, energ\u00eda, materiales y procesos, con la finalidad de obtener productos o servicios \u00fatiles a la sociedad y con alta consideraci\u00f3n al medio ambiente.<\/span><\/p>\n<p style=\"text-align: justify;\"><span style=\"color: #000000;\">Principales \u00e1reas de oportunidad para las empresas como parte de los servicios profesionales de GENERPRO:<\/span><\/p>\n<ul>\n<li style=\"text-align: justify;\"><span style=\"color: #000000;\">Servicios, asesor\u00edas y auditor\u00edas en Sistemas de Gesti\u00f3n de Calidad: Incluyen la creaci\u00f3n y desarrollo de procedimientos y manuales en base a normas Mexicanas e internacionales (NOM e ISO)<\/span><\/li>\n<\/ul>\n<ul>\n<li style=\"text-align: justify;\"><span style=\"color: #000000;\">Seguridad e Higiene Industrial: Incluyen aspectos como la propuesta de medidas preventivas, recomendaciones respecto al uso de equipos de protecci\u00f3n personal (EPP), control de la gesti\u00f3n mediante auditor\u00edas internas, evaluaci\u00f3n de la gesti\u00f3n a trav\u00e9s del an\u00e1lisis de los informes de los accidentes o incidentes y la obtenci\u00f3n d indicadores de riesgo.<\/span><\/li>\n<\/ul>\n<ul>\n<li style=\"text-align: justify;\"><span style=\"color: #000000;\">Gesti\u00f3n de Inventarios y Almacenes: Abarca las \u00e1reas de Administraci\u00f3n de Almacenes, Inventarios, Compras, Abastecimientos, Log\u00edstica, Comercializaci\u00f3n, Operaciones y Producci\u00f3n.<\/span><\/li>\n<\/ul>\n<ul>\n<li style=\"text-align: justify;\"><span style=\"color: #000000;\">Mapeo de procesos.<\/span><\/li>\n<\/ul>\n<ul>\n<li style=\"text-align: justify;\"><span style=\"color: #000000;\">Desarrollo an\u00e1lisis Causa-Ra\u00edz.<\/span><\/li>\n<\/ul>\n<ul>\n<li style=\"text-align: justify;\"><span style=\"color: #000000;\">An\u00e1lisis de tiempos y movimientos.<\/span><\/li>\n<\/ul>\n<ul>\n<li style=\"text-align: justify;\"><span style=\"color: #000000;\">Calidad Total y mejora contin\u00faa.<\/span><\/li>\n<\/ul>\n<p style=\"text-align: center;\"><a href=\"https:\/\/generpro.com.mx\/wp-content\/uploads\/2015\/12\/ingenieriaindustrial2.jpg\"><img loading=\"lazy\" decoding=\"async\" class=\"alignnone wp-image-169 size-full\" src=\"https:\/\/generpro.com.mx\/wp-content\/uploads\/2015\/12\/ingenieriaindustrial2.jpg\" alt=\"ingenieriaindustrial2\" width=\"595\" height=\"260\" srcset=\"https:\/\/www.generpro.com.mx\/wp-content\/uploads\/2015\/12\/ingenieriaindustrial2.jpg 595w, https:\/\/www.generpro.com.mx\/wp-content\/uploads\/2015\/12\/ingenieriaindustrial2-300x131.jpg 300w\" sizes=\"auto, (max-width: 595px) 100vw, 595px\" \/><\/a><\/p>\n","protected":false},"excerpt":{"rendered":"<p>Nos ocupamos de la optimizaci\u00f3n de uso de recursos humanos, t\u00e9cnicos, informativos as\u00ed como el manejo y gesti\u00f3n \u00f3ptimos de los sistemas de transformaci\u00f3n de bienes y servicios, evaluaci\u00f3n de sistemas integrados aplicados en campos de personal, riqueza, conocimientos, informaci\u00f3n, equipamiento, energ\u00eda, materiales y procesos, con la finalidad de obtener [&hellip;]<\/p>\n","protected":false},"author":2,"featured_media":635,"parent":0,"menu_order":0,"comment_status":"closed","ping_status":"closed","template":"","meta":{"footnotes":""},"class_list":["post-81","page","type-page","status-publish","has-post-thumbnail","hentry"],"_links":{"self":[{"href":"https:\/\/www.generpro.com.mx\/index.php?rest_route=\/wp\/v2\/pages\/81","targetHints":{"allow":["GET"]}}],"collection":[{"href":"https:\/\/www.generpro.com.mx\/index.php?rest_route=\/wp\/v2\/pages"}],"about":[{"href":"https:\/\/www.generpro.com.mx\/index.php?rest_route=\/wp\/v2\/types\/page"}],"author":[{"embeddable":true,"href":"https:\/\/www.generpro.com.mx\/index.php?rest_route=\/wp\/v2\/users\/2"}],"replies":[{"embeddable":true,"href":"https:\/\/www.generpro.com.mx\/index.php?rest_route=%2Fwp%2Fv2%2Fcomments&post=81"}],"version-history":[{"count":7,"href":"https:\/\/www.generpro.com.mx\/index.php?rest_route=\/wp\/v2\/pages\/81\/revisions"}],"predecessor-version":[{"id":450,"href":"https:\/\/www.generpro.com.mx\/index.php?rest_route=\/wp\/v2\/pages\/81\/revisions\/450"}],"wp:featuredmedia":[{"embeddable":true,"href":"https:\/\/www.generpro.com.mx\/index.php?rest_route=\/wp\/v2\/media\/635"}],"wp:attachment":[{"href":"https:\/\/www.generpro.com.mx\/index.php?rest_route=%2Fwp%2Fv2%2Fmedia&parent=81"}],"curies":[{"name":"wp","href":"https:\/\/api.w.org\/{rel}","templated":true}]}}