{"id":58,"date":"2015-12-10T16:35:07","date_gmt":"2015-12-10T22:35:07","guid":{"rendered":"http:\/\/www.enprocesode.com\/GENERPRO\/?page_id=58"},"modified":"2020-07-06T17:58:24","modified_gmt":"2020-07-06T22:58:24","slug":"auditorias-energeticas-basadas-en-iso-50002-y-en-16247","status":"publish","type":"page","link":"https:\/\/www.generpro.com.mx\/?page_id=58","title":{"rendered":"Proyectos de Ingenier\u00eda"},"content":{"rendered":"<p style=\"text-align: justify;\"><span style=\"color: #000000;\">Desarrollo de proyectos completamente sustentables para el uso eficiente de la energ\u00eda (acorde a la necesidad del cliente), utilizamos los est\u00e1ndares m\u00e1s actuales al realizar nuestros c\u00e1lculos, al entregar la propuesta a nuestros clientes indicamos los beneficios econ\u00f3micos, sociales y ambientales.<\/span><\/p>\n<p>&nbsp;<\/p>\n<h2><span style=\"color: #000000;\">Proyectos:<\/span><\/h2>\n<ul>\n<li><span style=\"color: #000000;\">Sistemas de bombeo<\/span><\/li>\n<li><span style=\"color: #000000;\">Compresores<\/span><\/li>\n<li><span style=\"color: #000000;\">Equipos electromec\u00e1nicos<\/span><\/li>\n<li><span style=\"color: #000000;\">Calidad de la energ\u00eda<\/span><\/li>\n<li><span style=\"color: #000000;\">Sustituci\u00f3n de equipos ineficientes por equipos de \u00faltima generaci\u00f3n (Iluminaci\u00f3n, HVAC, Motores el\u00e9ctricos,)<\/span><\/li>\n<li><span style=\"color: #000000;\">Control y automatizaci\u00f3n<\/span><\/li>\n<li><span style=\"color: #000000;\">Uso eficiente de Combustibles para veh\u00edculos automotores<\/span><\/li>\n<li><span style=\"color: #000000;\">Maquinas herramientas<\/span><\/li>\n<\/ul>\n<p>&nbsp;<\/p>\n<p style=\"text-align: center;\"><a href=\"https:\/\/generpro.com.mx\/wp-content\/uploads\/2015\/12\/proyectosingenieria3.jpg\"><img loading=\"lazy\" decoding=\"async\" class=\"alignnone wp-image-190 size-full\" src=\"https:\/\/generpro.com.mx\/wp-content\/uploads\/2015\/12\/proyectosingenieria3.jpg\" alt=\"proyectosingenieria3\" width=\"600\" height=\"315\" srcset=\"https:\/\/www.generpro.com.mx\/wp-content\/uploads\/2015\/12\/proyectosingenieria3.jpg 600w, https:\/\/www.generpro.com.mx\/wp-content\/uploads\/2015\/12\/proyectosingenieria3-300x158.jpg 300w\" sizes=\"auto, (max-width: 600px) 100vw, 600px\" \/><\/a><\/p>\n<p style=\"text-align: center;\">\n","protected":false},"excerpt":{"rendered":"<p>Desarrollo de proyectos completamente sustentables para el uso eficiente de la energ\u00eda (acorde a la necesidad del cliente), utilizamos los est\u00e1ndares m\u00e1s actuales al realizar nuestros c\u00e1lculos, al entregar la propuesta a nuestros clientes indicamos los beneficios econ\u00f3micos, sociales y ambientales. &nbsp; Proyectos: Sistemas de bombeo Compresores Equipos electromec\u00e1nicos Calidad [&hellip;]<\/p>\n","protected":false},"author":2,"featured_media":64,"parent":0,"menu_order":0,"comment_status":"closed","ping_status":"closed","template":"","meta":{"footnotes":""},"class_list":["post-58","page","type-page","status-publish","has-post-thumbnail","hentry"],"_links":{"self":[{"href":"https:\/\/www.generpro.com.mx\/index.php?rest_route=\/wp\/v2\/pages\/58","targetHints":{"allow":["GET"]}}],"collection":[{"href":"https:\/\/www.generpro.com.mx\/index.php?rest_route=\/wp\/v2\/pages"}],"about":[{"href":"https:\/\/www.generpro.com.mx\/index.php?rest_route=\/wp\/v2\/types\/page"}],"author":[{"embeddable":true,"href":"https:\/\/www.generpro.com.mx\/index.php?rest_route=\/wp\/v2\/users\/2"}],"replies":[{"embeddable":true,"href":"https:\/\/www.generpro.com.mx\/index.php?rest_route=%2Fwp%2Fv2%2Fcomments&post=58"}],"version-history":[{"count":11,"href":"https:\/\/www.generpro.com.mx\/index.php?rest_route=\/wp\/v2\/pages\/58\/revisions"}],"predecessor-version":[{"id":157,"href":"https:\/\/www.generpro.com.mx\/index.php?rest_route=\/wp\/v2\/pages\/58\/revisions\/157"}],"wp:featuredmedia":[{"embeddable":true,"href":"https:\/\/www.generpro.com.mx\/index.php?rest_route=\/wp\/v2\/media\/64"}],"wp:attachment":[{"href":"https:\/\/www.generpro.com.mx\/index.php?rest_route=%2Fwp%2Fv2%2Fmedia&parent=58"}],"curies":[{"name":"wp","href":"https:\/\/api.w.org\/{rel}","templated":true}]}}