{"id":408,"date":"2019-05-24T09:51:41","date_gmt":"2019-05-24T14:51:41","guid":{"rendered":"http:\/\/www.generpro.com.mx\/?page_id=408"},"modified":"2025-02-25T17:21:14","modified_gmt":"2025-02-25T23:21:14","slug":"arrancador-suave-plus-cintel-drive","status":"publish","type":"page","link":"https:\/\/www.generpro.com.mx\/?page_id=408","title":{"rendered":"Arrancador Suave Plus  CINTEL DRIVE\u00ae"},"content":{"rendered":"\r\n<p>Generpro Consultores es fabricante del Controlador inteligente de Motores de inducci\u00f3n magn\u00e9tica (CINTEL Drive), Un arrancador suave Plus que\u00a0 disminuye el consumo de energ\u00eda en procesos variables.<\/p>\r\n\r\n\r\n\r\n<p>Es un dispositivo El\u00e9ctrico-Electr\u00f3nico\u00a0 que utilizando la tecnolog\u00eda CIEN T100, provee una simple y efectiva soluci\u00f3n al problema del desperdicio de energ\u00eda en motores inductivos de velocidad constante.<\/p>\r\n\r\n\r\n\r\n<p><strong>CINTEL DRIVE ofrece los siguientes beneficios:<\/strong><\/p>\r\n\r\n\r\n\r\n<ul class=\"wp-block-list\">\r\n<li>Reducir mantenimiento y alargar la vida del equipo<\/li>\r\n<li>Evitar multas o cargos extras por demanda facturable (picos m\u00e1ximos)<\/li>\r\n<li>Control preciso del proceso<\/li>\r\n<li>Menos ruido, calor y vibraci\u00f3n<\/li>\r\n<li>Reducci\u00f3n de emisiones de CO2<\/li>\r\n<li>Ahorro de energ\u00eda<\/li>\r\n<\/ul>\r\n\r\n\r\n\r\n<p><strong>Principales Aplicaciones:<\/strong><\/p>\r\n\r\n\r\n\r\n<ul class=\"wp-block-list\">\r\n<li>Motores con procesos variables (diferencias de carga)<\/li>\r\n<li>Elevadores y bandas transportadoras<\/li>\r\n<li>Trituradoras de piedra<\/li>\r\n<li>Compresores<\/li>\r\n<li>Troqueladoras<\/li>\r\n<li>Bombas centrifugas<\/li>\r\n<li>Bombas de vac\u00edo<\/li>\r\n<li>Bombas con desplazamiento positivo<\/li>\r\n<li>Ventiladores<\/li>\r\n<li>Schiller<\/li>\r\n<li>Escaleras el\u00e9ctricas<\/li>\r\n<\/ul>\r\n\r\n\r\n\r\n<p><strong>Gama de Potencias:<\/strong><\/p>\r\n\r\n\r\n\r\n<p><strong>60\/3\/200-240V AC \u2013 0.75-360KW<\/strong><\/p>\r\n\r\n\r\n\r\n<p><strong>60\/3\/380-440V AC- 0.75-820KW<\/strong><\/p>\r\n<hr \/>\r\n<p><strong>\u00bfC\u00f3mo Funciona?<\/strong><\/p>\r\n<p><a href=\"https:\/\/youtu.be\/0VuwE6cbaZs\">https:\/\/youtu.be\/0VuwE6cbaZs<\/a><\/p>\r\n<hr \/>\r\n\r\n\r\n<div class=\"wp-block-button is-style-default\"><a class=\"wp-block-button__link has-text-color has-very-dark-gray-color has-background has-vivid-cyan-blue-background-color\" href=\"https:\/\/generpro.com.mx\/wp-content\/uploads\/2020\/05\/Folleto_Cintel_Drive.pdf\"><strong>FICHA T\u00c9CNICA<\/strong><\/a><\/div>\r\n<div>\u00a0<\/div>\r\n\r\n\r\n\r\n<p>Para mayor informaci\u00f3n <span style=\"color: #3366ff;\"><a style=\"color: #3366ff;\" href=\"https:\/\/generpro.com.mx\/?page_id=27\">cont\u00e1ctenos<\/a><\/span><\/p>\r\n","protected":false},"excerpt":{"rendered":"<p>Generpro Consultores es fabricante del Controlador inteligente de Motores de inducci\u00f3n magn\u00e9tica (CINTEL Drive), Un arrancador suave Plus que\u00a0 disminuye el consumo de energ\u00eda en procesos variables. Es un dispositivo El\u00e9ctrico-Electr\u00f3nico\u00a0 que utilizando la tecnolog\u00eda CIEN T100, provee una simple y efectiva soluci\u00f3n al problema del desperdicio de energ\u00eda en [&hellip;]<\/p>\n","protected":false},"author":3,"featured_media":587,"parent":0,"menu_order":0,"comment_status":"closed","ping_status":"closed","template":"","meta":{"footnotes":""},"class_list":["post-408","page","type-page","status-publish","has-post-thumbnail","hentry"],"_links":{"self":[{"href":"https:\/\/www.generpro.com.mx\/index.php?rest_route=\/wp\/v2\/pages\/408","targetHints":{"allow":["GET"]}}],"collection":[{"href":"https:\/\/www.generpro.com.mx\/index.php?rest_route=\/wp\/v2\/pages"}],"about":[{"href":"https:\/\/www.generpro.com.mx\/index.php?rest_route=\/wp\/v2\/types\/page"}],"author":[{"embeddable":true,"href":"https:\/\/www.generpro.com.mx\/index.php?rest_route=\/wp\/v2\/users\/3"}],"replies":[{"embeddable":true,"href":"https:\/\/www.generpro.com.mx\/index.php?rest_route=%2Fwp%2Fv2%2Fcomments&post=408"}],"version-history":[{"count":13,"href":"https:\/\/www.generpro.com.mx\/index.php?rest_route=\/wp\/v2\/pages\/408\/revisions"}],"predecessor-version":[{"id":591,"href":"https:\/\/www.generpro.com.mx\/index.php?rest_route=\/wp\/v2\/pages\/408\/revisions\/591"}],"wp:featuredmedia":[{"embeddable":true,"href":"https:\/\/www.generpro.com.mx\/index.php?rest_route=\/wp\/v2\/media\/587"}],"wp:attachment":[{"href":"https:\/\/www.generpro.com.mx\/index.php?rest_route=%2Fwp%2Fv2%2Fmedia&parent=408"}],"curies":[{"name":"wp","href":"https:\/\/api.w.org\/{rel}","templated":true}]}}