{"id":242,"date":"2017-01-15T16:02:41","date_gmt":"2017-01-15T22:02:41","guid":{"rendered":"http:\/\/www.generpro.com.mx\/?page_id=242"},"modified":"2020-07-06T19:21:40","modified_gmt":"2020-07-07T00:21:40","slug":"auditorias-energeticas","status":"publish","type":"page","link":"https:\/\/www.generpro.com.mx\/?page_id=242","title":{"rendered":"Auditor\u00edas Energ\u00e9ticas"},"content":{"rendered":"<p style=\"text-align: justify;\"><span style=\"color: #000000;\">Nuestro servicio de auditor\u00edas energ\u00e9ticas se basa en un an\u00e1lisis sistem\u00e1tico del uso y consumo de energ\u00eda. Se inicia mediante un alcance con nuestro cliente, con el fin de identificar, cuantificar e informar sobre las oportunidades de mejora del rendimiento energ\u00e9tico.<\/span><\/p>\n<p style=\"text-align: justify;\"><span style=\"color: #000000;\">Existen 3 niveles o tipos de auditor\u00edas energ\u00e9ticas, una auditor\u00eda de Nivel 1 es aplicable cuando el deseo, es establecer el Potencial de oportunidades de ahorro de energ\u00eda. Los resultados del Nivel 1 pueden usarse para desarrollar una lista de prioridades para la realizaci\u00f3n de auditor\u00edas de Nivel 2 y 3.<\/span><\/p>\n<p style=\"text-align: justify;\"><span style=\"color: #000000;\">Las auditor\u00edas energ\u00e9ticas que realizamos \u00a0est\u00e1n basadas en la norma ISO 50002 y documentos del ASHRAE.<\/span><\/p>\n<p>&nbsp;<\/p>\n<p><a href=\"https:\/\/generpro.com.mx\/wp-content\/uploads\/2020\/06\/adeolu-eletu-unRkg2jH1j0-unsplash.jpg\"><img loading=\"lazy\" decoding=\"async\" class=\"wp-image-605 size-large aligncenter\" src=\"https:\/\/generpro.com.mx\/wp-content\/uploads\/2020\/06\/adeolu-eletu-unRkg2jH1j0-unsplash-1024x678.jpg\" alt=\"\" width=\"640\" height=\"424\" srcset=\"https:\/\/www.generpro.com.mx\/wp-content\/uploads\/2020\/06\/adeolu-eletu-unRkg2jH1j0-unsplash-1024x678.jpg 1024w, https:\/\/www.generpro.com.mx\/wp-content\/uploads\/2020\/06\/adeolu-eletu-unRkg2jH1j0-unsplash-300x199.jpg 300w, https:\/\/www.generpro.com.mx\/wp-content\/uploads\/2020\/06\/adeolu-eletu-unRkg2jH1j0-unsplash-768x509.jpg 768w, https:\/\/www.generpro.com.mx\/wp-content\/uploads\/2020\/06\/adeolu-eletu-unRkg2jH1j0-unsplash-700x465.jpg 700w\" sizes=\"auto, (max-width: 640px) 100vw, 640px\" \/><\/a><\/p>\n","protected":false},"excerpt":{"rendered":"<p>Nuestro servicio de auditor\u00edas energ\u00e9ticas se basa en un an\u00e1lisis sistem\u00e1tico del uso y consumo de energ\u00eda. Se inicia mediante un alcance con nuestro cliente, con el fin de identificar, cuantificar e informar sobre las oportunidades de mejora del rendimiento energ\u00e9tico. Existen 3 niveles o tipos de auditor\u00edas energ\u00e9ticas, una [&hellip;]<\/p>\n","protected":false},"author":2,"featured_media":711,"parent":0,"menu_order":0,"comment_status":"closed","ping_status":"closed","template":"","meta":{"footnotes":""},"class_list":["post-242","page","type-page","status-publish","has-post-thumbnail","hentry"],"_links":{"self":[{"href":"https:\/\/www.generpro.com.mx\/index.php?rest_route=\/wp\/v2\/pages\/242","targetHints":{"allow":["GET"]}}],"collection":[{"href":"https:\/\/www.generpro.com.mx\/index.php?rest_route=\/wp\/v2\/pages"}],"about":[{"href":"https:\/\/www.generpro.com.mx\/index.php?rest_route=\/wp\/v2\/types\/page"}],"author":[{"embeddable":true,"href":"https:\/\/www.generpro.com.mx\/index.php?rest_route=\/wp\/v2\/users\/2"}],"replies":[{"embeddable":true,"href":"https:\/\/www.generpro.com.mx\/index.php?rest_route=%2Fwp%2Fv2%2Fcomments&post=242"}],"version-history":[{"count":8,"href":"https:\/\/www.generpro.com.mx\/index.php?rest_route=\/wp\/v2\/pages\/242\/revisions"}],"predecessor-version":[{"id":726,"href":"https:\/\/www.generpro.com.mx\/index.php?rest_route=\/wp\/v2\/pages\/242\/revisions\/726"}],"wp:featuredmedia":[{"embeddable":true,"href":"https:\/\/www.generpro.com.mx\/index.php?rest_route=\/wp\/v2\/media\/711"}],"wp:attachment":[{"href":"https:\/\/www.generpro.com.mx\/index.php?rest_route=%2Fwp%2Fv2%2Fmedia&parent=242"}],"curies":[{"name":"wp","href":"https:\/\/api.w.org\/{rel}","templated":true}]}}