{"id":219,"date":"2017-01-15T14:15:07","date_gmt":"2017-01-15T20:15:07","guid":{"rendered":"http:\/\/www.generpro.com.mx\/?page_id=219"},"modified":"2020-06-19T23:28:59","modified_gmt":"2020-06-20T04:28:59","slug":"cursos-y-capacitacion","status":"publish","type":"page","link":"https:\/\/www.generpro.com.mx\/?page_id=219","title":{"rendered":"C\u00d3DIGO DE RED"},"content":{"rendered":"\r\n<p>Entregamos un plan de trabajo detallado y con todos los requerimientos necesarios para cumplir con los requisitos del C\u00f3digo de Red.<\/p>\r\n\r\n\r\n\r\n<table class=\"wp-block-table\">\r\n<tbody>\r\n<tr>\r\n<td><br \/>\u00bfQu\u00e9 entregamos?<br \/><br \/><strong>1.- Informaci\u00f3n B\u00e1sica sobre el Centro de Carga<\/strong> \u00a0<br \/><br \/>Nombre o Raz\u00f3n social <br \/>Representante Legal acreditado<br \/>Ubicaci\u00f3n (Municipio y Estado)<br \/>Nivel de tensi\u00f3n a la que recibe el suministro de energ\u00eda el\u00e9ctrica<br \/>Actividad Industrial (Manufactura, Miner\u00eda, etc.)<br \/>Demanda contratada<br \/>RMU o RPU, seg\u00fan corresponda \u00a0<br \/><br \/><strong>2.- Requerimientos t\u00e9cnicos del C\u00f3digo de Red que son obligatorios para el centro de carga <\/strong><br \/><br \/><strong>3.- Resultados de los estudios el\u00e9ctricos y de calidad de la potencia<\/strong> <br \/>\u00a0 <br \/><strong>4.- Par\u00e1metros del C\u00f3digo de Red que no se est\u00e1n cumpliendo (Fuera de Rango) en las condiciones actuales del Centro de Carga<\/strong> <br \/><br \/><strong>5.- Estrategia prevista o an\u00e1lisis por parte del Centro de Carga para asegurar el cumplimiento del C\u00f3digo de Red. La estrategia deber\u00e1 incluir la siguiente informaci\u00f3n:<\/strong> <br \/><br \/>a.\u00a0\u00a0\u00a0\u00a0 Acciones previstas o en an\u00e1lisis a implementar para asegurar el cumplimiento<br \/><br \/>\u00a0\u00a0\u00a0\u00a0\u00a0 i.\u00a0\u00a0\u00a0\u00a0\u00a0\u00a0\u00a0 An\u00e1lisis de alternativas, en las que se se\u00f1alen los equipos evaluados, as\u00ed como los principales retos t\u00e9cnicos y econ\u00f3micos asociados a cada alternativa<br \/>\u00a0<br \/>b.\u00a0\u00a0\u00a0\u00a0 Cronograma que incluya los plazos de implementaci\u00f3n previstos, con base en las mejores pr\u00e1cticas de la industria el\u00e9ctrica.<br \/>\u00a0<br \/>c.\u00a0\u00a0\u00a0\u00a0 En su caso, informaci\u00f3n relacionada con \u00f3rdenes de compra o facturas de los equipos principales requeridos. <br \/><br \/><br \/><br \/><\/td>\r\n<\/tr>\r\n<\/tbody>\r\n<\/table>\r\n\r\n\r\n\r\n<p>&nbsp;<\/p>\r\n","protected":false},"excerpt":{"rendered":"<p>Entregamos un plan de trabajo detallado y con todos los requerimientos necesarios para cumplir con los requisitos del C\u00f3digo de Red. \u00bfQu\u00e9 entregamos? 1.- Informaci\u00f3n B\u00e1sica sobre el Centro de Carga \u00a0 Nombre o Raz\u00f3n social Representante Legal acreditadoUbicaci\u00f3n (Municipio y Estado)Nivel de tensi\u00f3n a la que recibe el suministro [&hellip;]<\/p>\n","protected":false},"author":2,"featured_media":629,"parent":0,"menu_order":0,"comment_status":"closed","ping_status":"closed","template":"","meta":{"footnotes":""},"class_list":["post-219","page","type-page","status-publish","has-post-thumbnail","hentry"],"_links":{"self":[{"href":"https:\/\/www.generpro.com.mx\/index.php?rest_route=\/wp\/v2\/pages\/219","targetHints":{"allow":["GET"]}}],"collection":[{"href":"https:\/\/www.generpro.com.mx\/index.php?rest_route=\/wp\/v2\/pages"}],"about":[{"href":"https:\/\/www.generpro.com.mx\/index.php?rest_route=\/wp\/v2\/types\/page"}],"author":[{"embeddable":true,"href":"https:\/\/www.generpro.com.mx\/index.php?rest_route=\/wp\/v2\/users\/2"}],"replies":[{"embeddable":true,"href":"https:\/\/www.generpro.com.mx\/index.php?rest_route=%2Fwp%2Fv2%2Fcomments&post=219"}],"version-history":[{"count":14,"href":"https:\/\/www.generpro.com.mx\/index.php?rest_route=\/wp\/v2\/pages\/219\/revisions"}],"predecessor-version":[{"id":740,"href":"https:\/\/www.generpro.com.mx\/index.php?rest_route=\/wp\/v2\/pages\/219\/revisions\/740"}],"wp:featuredmedia":[{"embeddable":true,"href":"https:\/\/www.generpro.com.mx\/index.php?rest_route=\/wp\/v2\/media\/629"}],"wp:attachment":[{"href":"https:\/\/www.generpro.com.mx\/index.php?rest_route=%2Fwp%2Fv2%2Fmedia&parent=219"}],"curies":[{"name":"wp","href":"https:\/\/api.w.org\/{rel}","templated":true}]}}