{"id":176,"date":"2016-05-29T17:47:10","date_gmt":"2016-05-29T22:47:10","guid":{"rendered":"http:\/\/www.generpro.com.mx\/?page_id=176"},"modified":"2019-06-03T15:59:23","modified_gmt":"2019-06-03T20:59:23","slug":"consultoria-administrativa-y-financiera","status":"publish","type":"page","link":"https:\/\/www.generpro.com.mx\/?page_id=176","title":{"rendered":"Consultor\u00eda Administrativa y Financiera"},"content":{"rendered":"<p style=\"text-align: justify;\">En la actualidad las empresas est\u00e1n regidas por una legislaci\u00f3n comercial y fiscal y por las exigencias del desarrollo econ\u00f3mico, las cuales presentan problem\u00e1ticas especiales y la necesidad de introducir metodolog\u00edas administrativas actualizadas.<\/p>\n<p style=\"text-align: justify;\">El servicio de consultor\u00eda proporcionado por nuestro equipo profundiza en la din\u00e1mica y situaci\u00f3n de la empresa, con un enfoque anal\u00edtico de sus problemas y retos, para desarrollar estrategias acordes con ella, generar recomendaciones y brindar las soluciones m\u00e1s efectivas para los clientes.<\/p>\n<p style=\"text-align: justify;\">Los servicios que le ofrece nuestra empresa en cuanto a Consultor\u00eda Administrativa y Financiera de Empresas son:<\/p>\n<ul>\n<li style=\"text-align: justify;\">Asesor\u00eda en imagen corporativa<\/li>\n<\/ul>\n<ul style=\"text-align: justify;\">\n<li>Dise\u00f1o e implantaci\u00f3n de sistemas de informaci\u00f3n como Contabilidad general, Contabilidad de costos, Formulaci\u00f3n de presupuestos y otros.<\/li>\n<\/ul>\n<ul style=\"text-align: justify;\">\n<li>Dise\u00f1o de manuales de procedimientos de organizaci\u00f3n contable y administrativa.<\/li>\n<\/ul>\n<ul style=\"text-align: justify;\">\n<li>Revisi\u00f3n sistem\u00e1tica y evaluaci\u00f3n de una entidad o parte de ella para determinar los niveles de eficiencia en su operaci\u00f3n y detectar problemas.<\/li>\n<\/ul>\n<ul style=\"text-align: justify;\">\n<li>Revisi\u00f3n de los objetivos, planes y programas de la empresa, su estructura org\u00e1nica y funciones, sus sistemas, procedimientos y controles; su personal, las instalaciones y el medio en el que se desarrolla, en funci\u00f3n de la eficiencia de la operaci\u00f3n y el ahorro en los costos.<\/li>\n<\/ul>\n<ul>\n<li style=\"text-align: justify;\">Creaci\u00f3n de planes de institucionalizaci\u00f3n para formalizar los procedimientos que llevan a cabo empresas con directivas familiares, identificar vicios comunes, integraci\u00f3n de los miembros seg\u00fan aptitudes, toma de decisiones en base a resultados, creaci\u00f3n de nuevos consejos directivos con especial enfoque a las necesidades de la organizaci\u00f3n y no de los intereses familiares.<\/li>\n<\/ul>\n<p style=\"text-align: center;\"><a href=\"https:\/\/generpro.com.mx\/wp-content\/uploads\/2016\/05\/consultoriaadministrativa.jpg\"><img loading=\"lazy\" decoding=\"async\" class=\"alignnone wp-image-177 \" src=\"https:\/\/generpro.com.mx\/wp-content\/uploads\/2016\/05\/consultoriaadministrativa.jpg\" alt=\"consultoriaadministrativa\" width=\"635\" height=\"270\" srcset=\"https:\/\/www.generpro.com.mx\/wp-content\/uploads\/2016\/05\/consultoriaadministrativa.jpg 1600w, https:\/\/www.generpro.com.mx\/wp-content\/uploads\/2016\/05\/consultoriaadministrativa-300x128.jpg 300w, https:\/\/www.generpro.com.mx\/wp-content\/uploads\/2016\/05\/consultoriaadministrativa-768x326.jpg 768w, https:\/\/www.generpro.com.mx\/wp-content\/uploads\/2016\/05\/consultoriaadministrativa-1024x435.jpg 1024w\" sizes=\"auto, (max-width: 635px) 100vw, 635px\" \/><\/a><\/p>\n","protected":false},"excerpt":{"rendered":"<p>En la actualidad las empresas est\u00e1n regidas por una legislaci\u00f3n comercial y fiscal y por las exigencias del desarrollo econ\u00f3mico, las cuales presentan problem\u00e1ticas especiales y la necesidad de introducir metodolog\u00edas administrativas actualizadas. El servicio de consultor\u00eda proporcionado por nuestro equipo profundiza en la din\u00e1mica y situaci\u00f3n de la empresa, [&hellip;]<\/p>\n","protected":false},"author":2,"featured_media":443,"parent":0,"menu_order":0,"comment_status":"closed","ping_status":"closed","template":"","meta":{"footnotes":""},"class_list":["post-176","page","type-page","status-publish","has-post-thumbnail","hentry"],"_links":{"self":[{"href":"https:\/\/www.generpro.com.mx\/index.php?rest_route=\/wp\/v2\/pages\/176","targetHints":{"allow":["GET"]}}],"collection":[{"href":"https:\/\/www.generpro.com.mx\/index.php?rest_route=\/wp\/v2\/pages"}],"about":[{"href":"https:\/\/www.generpro.com.mx\/index.php?rest_route=\/wp\/v2\/types\/page"}],"author":[{"embeddable":true,"href":"https:\/\/www.generpro.com.mx\/index.php?rest_route=\/wp\/v2\/users\/2"}],"replies":[{"embeddable":true,"href":"https:\/\/www.generpro.com.mx\/index.php?rest_route=%2Fwp%2Fv2%2Fcomments&post=176"}],"version-history":[{"count":3,"href":"https:\/\/www.generpro.com.mx\/index.php?rest_route=\/wp\/v2\/pages\/176\/revisions"}],"predecessor-version":[{"id":445,"href":"https:\/\/www.generpro.com.mx\/index.php?rest_route=\/wp\/v2\/pages\/176\/revisions\/445"}],"wp:featuredmedia":[{"embeddable":true,"href":"https:\/\/www.generpro.com.mx\/index.php?rest_route=\/wp\/v2\/media\/443"}],"wp:attachment":[{"href":"https:\/\/www.generpro.com.mx\/index.php?rest_route=%2Fwp%2Fv2%2Fmedia&parent=176"}],"curies":[{"name":"wp","href":"https:\/\/api.w.org\/{rel}","templated":true}]}}