{"id":12,"date":"2015-12-08T11:11:35","date_gmt":"2015-12-08T17:11:35","guid":{"rendered":"http:\/\/www.enprocesode.com\/GENERPRO\/?page_id=12"},"modified":"2021-04-21T11:30:40","modified_gmt":"2021-04-21T16:30:40","slug":"quienes-somos","status":"publish","type":"page","link":"https:\/\/www.generpro.com.mx\/","title":{"rendered":"\u00bfQui\u00e9nes somos?"},"content":{"rendered":"<p><span style=\"color: #000000;\">Somos una empresa dedicada a ofrecer servicios de consultor\u00eda y proyectos en t\u00f3picos sobre gesti\u00f3n de la energ\u00eda completamente sustentables, desarrollo de tecnolog\u00edas propias para el mercado industrial, teniendo como principal cadena de valor el conocimiento de nuestros colaboradores y el cuidado del medio ambiente.<\/span><\/p>\n<p>&nbsp;<\/p>\n<p><a href=\"https:\/\/generpro.com.mx\/wp-content\/uploads\/2020\/07\/mario-gogh-VBLHICVh-lI-unsplash.jpg\"><img loading=\"lazy\" decoding=\"async\" class=\"aligncenter wp-image-717 size-large\" src=\"https:\/\/generpro.com.mx\/wp-content\/uploads\/2020\/07\/mario-gogh-VBLHICVh-lI-unsplash-1024x683.jpg\" alt=\"\" width=\"640\" height=\"427\" srcset=\"https:\/\/www.generpro.com.mx\/wp-content\/uploads\/2020\/07\/mario-gogh-VBLHICVh-lI-unsplash-1024x683.jpg 1024w, https:\/\/www.generpro.com.mx\/wp-content\/uploads\/2020\/07\/mario-gogh-VBLHICVh-lI-unsplash-300x200.jpg 300w, https:\/\/www.generpro.com.mx\/wp-content\/uploads\/2020\/07\/mario-gogh-VBLHICVh-lI-unsplash-768x512.jpg 768w, https:\/\/www.generpro.com.mx\/wp-content\/uploads\/2020\/07\/mario-gogh-VBLHICVh-lI-unsplash.jpg 1920w\" sizes=\"auto, (max-width: 640px) 100vw, 640px\" \/><\/a><\/p>\n<p><span style=\"color: #000000;\">Contamos con un equipo multidisciplinario con amplia experiencia en proyectos sustentables e ingenier\u00eda, desarrollo e innovaci\u00f3n tecnol\u00f3gica, pruebas a transformadores e instalaciones el\u00e9ctricas a trav\u00e9s de mediciones con equipo especializado y certificado por laboratorios con trazabilidad EMA, comercializaci\u00f3n de materiales el\u00e9ctricos de media y baja tensi\u00f3n, cables el\u00e9ctricos bajo norma, realizaci\u00f3n de proyectos de automatizaci\u00f3n y control, as\u00ed tambi\u00e9n de estudios de calidad de energ\u00eda y potencia con analizadores de redes.<\/span><\/p>\n<p><span style=\"color: #000000;\">Brindamos asesor\u00eda y consultor\u00eda especializada para los requerimientos del c\u00f3digo de red solicitados por la CRE (comisi\u00f3n reguladora de energ\u00eda).<\/span><\/p>\n<blockquote><p><span style=\"color: #000000;\"><em>GENERPRO CONSULTORES SC hace que las cosas sucedan y permite que su empresa obtenga siempre un beneficio econ\u00f3mico atractivo y sustentable, creamos valor agregado a la eficiencia energ\u00e9tica en las empresas.<\/em><\/span><\/p><\/blockquote>\n<h2 style=\"text-align: justify;\"><span style=\"color: #000000;\"><strong>Misi\u00f3n<\/strong><\/span><\/h2>\n<p><span style=\"color: #000000;\">Ofrecer servicios de consultor\u00eda y proyectos especializados en temas de gesti\u00f3n de la energ\u00eda y uso eficiente de la misma, utilizando los est\u00e1ndares m\u00e1s actuales nacionales e internacionales, siempre con un enfoque de mejora continua y sustentabilidad para nuestros clientes, satisfaciendo sus necesidades con calidad, servicio y tiempo.<\/span><\/p>\n<h2 style=\"text-align: justify;\"><span style=\"color: #000000;\"><strong>Visi\u00f3n<\/strong><\/span><\/h2>\n<p><span style=\"color: #000000;\">Ser una compa\u00f1\u00eda l\u00edder y s\u00f3lida a nivel nacional en los servicios de consultor\u00eda y proyectos para la gesti\u00f3n de la energ\u00eda y uso eficiente de la misma siempre con ayuda de nuestro capital humano, teniendo presencia en todos los estados de la rep\u00fablica, as\u00ed como incursionar en el mercado internacional principalmente en Centro y Sudam\u00e9rica.<\/span><\/p>\n<p>&nbsp;<\/p>\n<p><a href=\"https:\/\/generpro.com.mx\/wp-content\/uploads\/2020\/07\/adomas-aleno-500-Zdak5wI-unsplash.jpg\"><img loading=\"lazy\" decoding=\"async\" class=\"aligncenter wp-image-716 size-large\" src=\"https:\/\/generpro.com.mx\/wp-content\/uploads\/2020\/07\/adomas-aleno-500-Zdak5wI-unsplash-1024x1024.jpg\" alt=\"\" width=\"640\" height=\"640\" srcset=\"https:\/\/www.generpro.com.mx\/wp-content\/uploads\/2020\/07\/adomas-aleno-500-Zdak5wI-unsplash-1024x1024.jpg 1024w, https:\/\/www.generpro.com.mx\/wp-content\/uploads\/2020\/07\/adomas-aleno-500-Zdak5wI-unsplash-150x150.jpg 150w, https:\/\/www.generpro.com.mx\/wp-content\/uploads\/2020\/07\/adomas-aleno-500-Zdak5wI-unsplash-300x300.jpg 300w, https:\/\/www.generpro.com.mx\/wp-content\/uploads\/2020\/07\/adomas-aleno-500-Zdak5wI-unsplash-768x768.jpg 768w, https:\/\/www.generpro.com.mx\/wp-content\/uploads\/2020\/07\/adomas-aleno-500-Zdak5wI-unsplash.jpg 1920w\" sizes=\"auto, (max-width: 640px) 100vw, 640px\" \/><\/a><\/p>\n<p>&nbsp;<\/p>\n<h2><span style=\"color: #000000;\"><strong>Valores Corporativos<\/strong><\/span><\/h2>\n<ul>\n<li><span style=\"color: #000000;\"><strong>Servicios y productos <\/strong>con los m\u00e1s altos est\u00e1ndares de calidad y excelencia para satisfacer las necesidades de nuestros clientes.<\/span><\/li>\n<li><span style=\"color: #000000;\">La <strong>Competitividad <\/strong>de nuestros servicios a la vanguardia<\/span><\/li>\n<li><span style=\"color: #000000;\">Igualdad de <strong>Justicia <\/strong>con respecto a nuestros colaboradores, clientes y proveedores.<\/span><\/li>\n<li><span style=\"color: #000000;\">Total, <strong>Libertad <\/strong>de expresi\u00f3n de nuestros colaboradores y clientes.<\/span><\/li>\n<li><span style=\"color: #000000;\"><strong>Responsabilidad <\/strong>de las acciones que la compa\u00f1\u00eda genera con los clientes y el medio ambiente.<\/span><\/li>\n<li><span style=\"color: #000000;\"><strong>Originalidad <\/strong>de innovaciones en todos nuestros, servicios, procesos y estrategias.<\/span><\/li>\n<li><span style=\"color: #000000;\">La <strong>Tolerancia<\/strong> de las creencias y pensamientos de nuestros colaboradores y clientes.<\/span><\/li>\n<li><span style=\"color: #000000;\">Fomentar una <strong>Disciplina <\/strong>laboral entre nuestros colaboradores para nuestros clientes.<\/span><\/li>\n<li><span style=\"color: #000000;\"><strong>Compromiso <\/strong>de ofrecer servicios de la m\u00e1s alta calidad.<\/span><\/li>\n<li><span style=\"color: #000000;\">Promover la <strong>Honestidad <\/strong>entre nuestros colaboradores y clientes para generar confianza, credibilidad y seguridad.<\/span><\/li>\n<li><span style=\"color: #000000;\"><strong>Liderazgo <\/strong>para dirigir conjuntamente los esfuerzos de la compa\u00f1\u00eda hac\u00eda el \u00e9xito.<\/span><\/li>\n<\/ul>\n<h2><span style=\"color: #000000;\"><strong>Pol\u00edtica de Calidad\u00a0<\/strong><\/span><\/h2>\n<p><span style=\"font-family: Tahoma, sans-serif; color: #000000;\">\u201cEn GENERPRO CONSULTORES, S.C., nos aseguramos de ofrecer el servicio de consultor\u00eda en el uso eficiente de la energ\u00eda con la m\u00e1s alta de calidad, satisfaciendo las necesidades de nuestros clientes, cumpliendo con todas las normas y sus requisitos vigentes, ya sean administrativos, t\u00e9cnicos o legales, incorporando a sus productos y servicios la asesor\u00eda m\u00e1s profesional en cuestiones energ\u00e9ticas comprometidos con la mejora continua del Sistema de Gesti\u00f3n de Calidad\u201d.<\/span><\/p>\n<p><span style=\"font-family: 'Tahoma',sans-serif; color: black;\">\u00a0<\/span><\/p>\n","protected":false},"excerpt":{"rendered":"<p>Somos una empresa dedicada a ofrecer servicios de consultor\u00eda y proyectos en t\u00f3picos sobre gesti\u00f3n de la energ\u00eda completamente sustentables, desarrollo de tecnolog\u00edas propias para el mercado industrial, teniendo como principal cadena de valor el conocimiento de nuestros colaboradores y el cuidado del medio ambiente. &nbsp; Contamos con un equipo [&hellip;]<\/p>\n","protected":false},"author":2,"featured_media":628,"parent":0,"menu_order":0,"comment_status":"closed","ping_status":"closed","template":"","meta":{"footnotes":""},"class_list":["post-12","page","type-page","status-publish","has-post-thumbnail","hentry"],"_links":{"self":[{"href":"https:\/\/www.generpro.com.mx\/index.php?rest_route=\/wp\/v2\/pages\/12","targetHints":{"allow":["GET"]}}],"collection":[{"href":"https:\/\/www.generpro.com.mx\/index.php?rest_route=\/wp\/v2\/pages"}],"about":[{"href":"https:\/\/www.generpro.com.mx\/index.php?rest_route=\/wp\/v2\/types\/page"}],"author":[{"embeddable":true,"href":"https:\/\/www.generpro.com.mx\/index.php?rest_route=\/wp\/v2\/users\/2"}],"replies":[{"embeddable":true,"href":"https:\/\/www.generpro.com.mx\/index.php?rest_route=%2Fwp%2Fv2%2Fcomments&post=12"}],"version-history":[{"count":36,"href":"https:\/\/www.generpro.com.mx\/index.php?rest_route=\/wp\/v2\/pages\/12\/revisions"}],"predecessor-version":[{"id":730,"href":"https:\/\/www.generpro.com.mx\/index.php?rest_route=\/wp\/v2\/pages\/12\/revisions\/730"}],"wp:featuredmedia":[{"embeddable":true,"href":"https:\/\/www.generpro.com.mx\/index.php?rest_route=\/wp\/v2\/media\/628"}],"wp:attachment":[{"href":"https:\/\/www.generpro.com.mx\/index.php?rest_route=%2Fwp%2Fv2%2Fmedia&parent=12"}],"curies":[{"name":"wp","href":"https:\/\/api.w.org\/{rel}","templated":true}]}}